{"id":3141,"date":"2021-10-05T23:44:02","date_gmt":"2021-10-05T20:44:02","guid":{"rendered":"https:\/\/berrybe.lt\/?page_id=3141"},"modified":"2023-04-26T06:51:06","modified_gmt":"2023-04-26T04:51:06","slug":"delivery","status":"publish","type":"page","link":"https:\/\/berrybe.lt\/en\/delivery\/","title":{"rendered":"Delivery"},"content":{"rendered":"<p>[vc_row][vc_column][vc_column_text]<\/p>\n<ol>\n<li>The shop undertakes to indicate the delivery date next to each product. In the event of problems with delivery, the store undertakes to contact the customer immediately and find the best solution.<\/li>\n<li>The customer undertakes to pay attention to the specified delivery time and to contact the store only if 24 hours have passed since the end of the delivery time.<\/li>\n<li>When ordering the goods, the customer undertakes to indicate the place of delivery of the goods and the person who will accept the goods.<\/li>\n<li>The customer undertakes to accept the goods himself or another person specified in the order. In the event that the customer or the person specified in the order cannot accept the goods, the customer has no right to make claims to the store regarding the delivery of the goods.<\/li>\n<li>The customer, who has chosen to pick up the goods at the company&#8217;s headquarters during the order, must submit an identity document and a copy of the order. The store in turn undertakes to call the customer when the item is ready.<\/li>\n<li>Goods ordered in the store are delivered in the following ways:\n<ul>\n<li>Omniva courier;<\/li>\n<li>Omniva post machines;<\/li>\n<li>Lithuanian Post;<\/li>\n<\/ul>\n<\/li>\n<li>In cases when upon receipt of the goods the customer notices that the consignment does not contain suitable goods, the customer must immediately inform the store about it by phone or e-mail <a href=\"mailto:info@berrybe.lt\">info@berrybe.lt<\/a><\/li>\n<\/ol>\n<p>[\/vc_column_text][\/vc_column][\/vc_row][vc_row disable_element=&#8221;yes&#8221;][vc_column][vc_column_text]7. Pasirink\u0119 paslaug\u0105 LP Express pa\u0161tomatai, tur\u0117site galimyb\u0119 i\u0161 s\u0105ra\u0161o pasirinkti labiausiai tinkant\u012f ar ar\u010diausiai esant\u012f LP Express Pa\u0161tomat\u0105. Kaip naudotis pa\u0161tomatu galite skaityti \u010dia (https:\/\/www.lpexpress.lt\/lt\/Naudojimosi-instrukcijos.htm)[\/vc_column_text][\/vc_column][\/vc_row]<\/p>\n","protected":false},"excerpt":{"rendered":"<p>[vc_row][vc_column][vc_column_text] The shop undertakes to indicate the delivery date next to each product. In the event of problems with delivery, the store undertakes to contact the customer immediately and find the best solution. The customer undertakes to pay attention to the specified delivery time and to contact the store only if 24 hours have passed&hellip;<\/p>\n","protected":false},"author":1,"featured_media":0,"parent":0,"menu_order":0,"comment_status":"closed","ping_status":"closed","template":"","meta":{"footnotes":""},"yoast_head":"<!-- This site is optimized with the Yoast SEO plugin v22.1 - https:\/\/yoast.com\/wordpress\/plugins\/seo\/ -->\n<title>Delivery &#8211; Berrybe<\/title>\n<meta name=\"robots\" content=\"index, follow, max-snippet:-1, max-image-preview:large, max-video-preview:-1\" \/>\n<link rel=\"canonical\" href=\"https:\/\/berrybe.lt\/en\/delivery\/\" \/>\n<meta property=\"og:locale\" content=\"en_US\" \/>\n<meta property=\"og:type\" content=\"article\" \/>\n<meta property=\"og:title\" content=\"Delivery &#8211; Berrybe\" \/>\n<meta property=\"og:description\" content=\"[vc_row][vc_column][vc_column_text] The shop undertakes to indicate the delivery date next to each product. In the event of problems with delivery, the store undertakes to contact the customer immediately and find the best solution. The customer undertakes to pay attention to the specified delivery time and to contact the store only if 24 hours have passed&hellip;\" \/>\n<meta property=\"og:url\" content=\"https:\/\/berrybe.lt\/en\/delivery\/\" \/>\n<meta property=\"og:site_name\" content=\"Berrybe\" \/>\n<meta property=\"article:modified_time\" content=\"2023-04-26T04:51:06+00:00\" \/>\n<meta name=\"twitter:card\" content=\"summary_large_image\" \/>\n<meta name=\"twitter:label1\" content=\"Est. reading time\" \/>\n\t<meta name=\"twitter:data1\" content=\"2 minutes\" \/>\n<script type=\"application\/ld+json\" class=\"yoast-schema-graph\">{\"@context\":\"https:\/\/schema.org\",\"@graph\":[{\"@type\":\"WebPage\",\"@id\":\"https:\/\/berrybe.lt\/en\/delivery\/\",\"url\":\"https:\/\/berrybe.lt\/en\/delivery\/\",\"name\":\"Delivery &#8211; Berrybe\",\"isPartOf\":{\"@id\":\"https:\/\/berrybe.lt\/#website\"},\"datePublished\":\"2021-10-05T20:44:02+00:00\",\"dateModified\":\"2023-04-26T04:51:06+00:00\",\"breadcrumb\":{\"@id\":\"https:\/\/berrybe.lt\/en\/delivery\/#breadcrumb\"},\"inLanguage\":\"en-US\",\"potentialAction\":[{\"@type\":\"ReadAction\",\"target\":[\"https:\/\/berrybe.lt\/en\/delivery\/\"]}]},{\"@type\":\"BreadcrumbList\",\"@id\":\"https:\/\/berrybe.lt\/en\/delivery\/#breadcrumb\",\"itemListElement\":[{\"@type\":\"ListItem\",\"position\":1,\"name\":\"Home\",\"item\":\"https:\/\/berrybe.lt\/en\/\"},{\"@type\":\"ListItem\",\"position\":2,\"name\":\"Delivery\"}]},{\"@type\":\"WebSite\",\"@id\":\"https:\/\/berrybe.lt\/#website\",\"url\":\"https:\/\/berrybe.lt\/\",\"name\":\"Berrybe\",\"description\":\"Be Rib\u0173 Su Berrybe\",\"publisher\":{\"@id\":\"https:\/\/berrybe.lt\/#organization\"},\"potentialAction\":[{\"@type\":\"SearchAction\",\"target\":{\"@type\":\"EntryPoint\",\"urlTemplate\":\"https:\/\/berrybe.lt\/?s={search_term_string}\"},\"query-input\":\"required name=search_term_string\"}],\"inLanguage\":\"en-US\"},{\"@type\":\"Organization\",\"@id\":\"https:\/\/berrybe.lt\/#organization\",\"name\":\"Berrybe\",\"url\":\"https:\/\/berrybe.lt\/\",\"logo\":{\"@type\":\"ImageObject\",\"inLanguage\":\"en-US\",\"@id\":\"https:\/\/berrybe.lt\/#\/schema\/logo\/image\/\",\"url\":\"https:\/\/berrybe.lt\/wp-content\/uploads\/2021\/07\/berrybe-logo-footer.png\",\"contentUrl\":\"https:\/\/berrybe.lt\/wp-content\/uploads\/2021\/07\/berrybe-logo-footer.png\",\"width\":147,\"height\":60,\"caption\":\"Berrybe\"},\"image\":{\"@id\":\"https:\/\/berrybe.lt\/#\/schema\/logo\/image\/\"},\"sameAs\":[\"https:\/\/www.instagram.com\/byberrybe\/\"]}]}<\/script>\n<!-- \/ Yoast SEO plugin. -->","yoast_head_json":{"title":"Delivery &#8211; Berrybe","robots":{"index":"index","follow":"follow","max-snippet":"max-snippet:-1","max-image-preview":"max-image-preview:large","max-video-preview":"max-video-preview:-1"},"canonical":"https:\/\/berrybe.lt\/en\/delivery\/","og_locale":"en_US","og_type":"article","og_title":"Delivery &#8211; Berrybe","og_description":"[vc_row][vc_column][vc_column_text] The shop undertakes to indicate the delivery date next to each product. In the event of problems with delivery, the store undertakes to contact the customer immediately and find the best solution. The customer undertakes to pay attention to the specified delivery time and to contact the store only if 24 hours have passed&hellip;","og_url":"https:\/\/berrybe.lt\/en\/delivery\/","og_site_name":"Berrybe","article_modified_time":"2023-04-26T04:51:06+00:00","twitter_card":"summary_large_image","twitter_misc":{"Est. reading time":"2 minutes"},"schema":{"@context":"https:\/\/schema.org","@graph":[{"@type":"WebPage","@id":"https:\/\/berrybe.lt\/en\/delivery\/","url":"https:\/\/berrybe.lt\/en\/delivery\/","name":"Delivery &#8211; Berrybe","isPartOf":{"@id":"https:\/\/berrybe.lt\/#website"},"datePublished":"2021-10-05T20:44:02+00:00","dateModified":"2023-04-26T04:51:06+00:00","breadcrumb":{"@id":"https:\/\/berrybe.lt\/en\/delivery\/#breadcrumb"},"inLanguage":"en-US","potentialAction":[{"@type":"ReadAction","target":["https:\/\/berrybe.lt\/en\/delivery\/"]}]},{"@type":"BreadcrumbList","@id":"https:\/\/berrybe.lt\/en\/delivery\/#breadcrumb","itemListElement":[{"@type":"ListItem","position":1,"name":"Home","item":"https:\/\/berrybe.lt\/en\/"},{"@type":"ListItem","position":2,"name":"Delivery"}]},{"@type":"WebSite","@id":"https:\/\/berrybe.lt\/#website","url":"https:\/\/berrybe.lt\/","name":"Berrybe","description":"Be Rib\u0173 Su Berrybe","publisher":{"@id":"https:\/\/berrybe.lt\/#organization"},"potentialAction":[{"@type":"SearchAction","target":{"@type":"EntryPoint","urlTemplate":"https:\/\/berrybe.lt\/?s={search_term_string}"},"query-input":"required name=search_term_string"}],"inLanguage":"en-US"},{"@type":"Organization","@id":"https:\/\/berrybe.lt\/#organization","name":"Berrybe","url":"https:\/\/berrybe.lt\/","logo":{"@type":"ImageObject","inLanguage":"en-US","@id":"https:\/\/berrybe.lt\/#\/schema\/logo\/image\/","url":"https:\/\/berrybe.lt\/wp-content\/uploads\/2021\/07\/berrybe-logo-footer.png","contentUrl":"https:\/\/berrybe.lt\/wp-content\/uploads\/2021\/07\/berrybe-logo-footer.png","width":147,"height":60,"caption":"Berrybe"},"image":{"@id":"https:\/\/berrybe.lt\/#\/schema\/logo\/image\/"},"sameAs":["https:\/\/www.instagram.com\/byberrybe\/"]}]}},"_links":{"self":[{"href":"https:\/\/berrybe.lt\/en\/wp-json\/wp\/v2\/pages\/3141"}],"collection":[{"href":"https:\/\/berrybe.lt\/en\/wp-json\/wp\/v2\/pages"}],"about":[{"href":"https:\/\/berrybe.lt\/en\/wp-json\/wp\/v2\/types\/page"}],"author":[{"embeddable":true,"href":"https:\/\/berrybe.lt\/en\/wp-json\/wp\/v2\/users\/1"}],"replies":[{"embeddable":true,"href":"https:\/\/berrybe.lt\/en\/wp-json\/wp\/v2\/comments?post=3141"}],"version-history":[{"count":3,"href":"https:\/\/berrybe.lt\/en\/wp-json\/wp\/v2\/pages\/3141\/revisions"}],"predecessor-version":[{"id":7592,"href":"https:\/\/berrybe.lt\/en\/wp-json\/wp\/v2\/pages\/3141\/revisions\/7592"}],"wp:attachment":[{"href":"https:\/\/berrybe.lt\/en\/wp-json\/wp\/v2\/media?parent=3141"}],"curies":[{"name":"wp","href":"https:\/\/api.w.org\/{rel}","templated":true}]}}