{"id":3134,"date":"2021-10-05T23:41:46","date_gmt":"2021-10-05T20:41:46","guid":{"rendered":"https:\/\/berrybe.lt\/?page_id=3134"},"modified":"2021-10-06T00:12:04","modified_gmt":"2021-10-05T21:12:04","slug":"account","status":"publish","type":"page","link":"https:\/\/berrybe.lt\/en\/shop\/account\/","title":{"rendered":"Account"},"content":{"rendered":"<p>[vc_row][vc_column]<div class=\"woocommerce\"><div class=\"woocommerce-notices-wrapper\"><\/div>\n\n<div class=\"u-columns col2-set\" id=\"customer_login\">\n\n\t<div class=\"u-column1 col-1\">\n\n\n\t\t<h2>Login<\/h2>\n\n\t\t<form class=\"woocommerce-form woocommerce-form-login login\" method=\"post\">\n\n\t\t\t\n\t\t\t<p class=\"woocommerce-form-row woocommerce-form-row--wide form-row form-row-wide\">\n\t\t\t\t<label for=\"username\">Username or email address&nbsp;<span class=\"required\">*<\/span><\/label>\n\t\t\t\t<input type=\"text\" class=\"woocommerce-Input woocommerce-Input--text input-text\" name=\"username\" id=\"username\" autocomplete=\"username\" value=\"\" \/>\t\t\t<\/p>\n\t\t\t<p class=\"woocommerce-form-row woocommerce-form-row--wide form-row form-row-wide\">\n\t\t\t\t<label for=\"password\">Password&nbsp;<span class=\"required\">*<\/span><\/label>\n\t\t\t\t<input class=\"woocommerce-Input woocommerce-Input--text input-text\" type=\"password\" name=\"password\" id=\"password\" autocomplete=\"current-password\" \/>\n\t\t\t<\/p>\n\n\t\t\t\n\t\t\t<p class=\"form-row\">\n\t\t\t\t\t\t\t\t<button type=\"submit\" class=\"woocommerce-Button button woocommerce-form-login__submit\" name=\"login\" value=\"Log in\">Log in<\/button>\n\t\t\t\t<label class=\"woocommerce-form__label woocommerce-form__label-for-checkbox woocommerce-form-login__rememberme\">\n\t\t\t\t\t<input class=\"woocommerce-form__input woocommerce-form__input-checkbox\" name=\"rememberme\" type=\"checkbox\" id=\"rememberme\" value=\"forever\" \/> <span>Remember me<\/span>\n\t\t\t\t<\/label>\n\t\t\t\t<input type=\"hidden\" id=\"woocommerce-login-nonce\" name=\"woocommerce-login-nonce\" value=\"35956b0074\" \/><input type=\"hidden\" name=\"_wp_http_referer\" value=\"\/en\/wp-json\/wp\/v2\/pages\/3134\" \/>\t\t\t<\/p>\n\t\t\t<p class=\"woocommerce-LostPassword lost_password\">\n\t\t\t\t<a href=\"https:\/\/berrybe.lt\/en\/shop\/account\/lost-password\/\">Lost your password?<\/a>\n\t\t\t<\/p>\n\n\t\t\t\n\t\t<\/form>\n\n\t\t\n\t<\/div>\n\n\t<div class=\"u-column2 col-2\">\n\n\t\t<h2>Register<\/h2>\n\n\t\t<form method=\"post\" class=\"woocommerce-form woocommerce-form-register register\"  >\n\n\t\t\t\n\t\t\t\n\t\t\t<p class=\"woocommerce-form-row woocommerce-form-row--wide form-row form-row-wide\">\n\t\t\t\t<label for=\"reg_email\">Email address&nbsp;<span class=\"required\">*<\/span><\/label>\n\t\t\t\t<input type=\"email\" class=\"woocommerce-Input woocommerce-Input--text input-text\" name=\"email\" id=\"reg_email\" autocomplete=\"email\" value=\"\" \/>\t\t\t<\/p>\n\n\t\t\t\n\t\t\t\t<p>A link to set a new password will be sent to your email address.<\/p>\n\n\t\t\t\n\t\t\t<input type=\"hidden\" name=\"wc_order_attribution_source_type\" value=\"\" \/><input type=\"hidden\" name=\"wc_order_attribution_referrer\" value=\"\" \/><input type=\"hidden\" name=\"wc_order_attribution_utm_campaign\" value=\"\" \/><input type=\"hidden\" name=\"wc_order_attribution_utm_source\" value=\"\" \/><input type=\"hidden\" name=\"wc_order_attribution_utm_medium\" value=\"\" \/><input type=\"hidden\" name=\"wc_order_attribution_utm_content\" value=\"\" \/><input type=\"hidden\" name=\"wc_order_attribution_utm_id\" value=\"\" \/><input type=\"hidden\" name=\"wc_order_attribution_utm_term\" value=\"\" \/><input type=\"hidden\" name=\"wc_order_attribution_session_entry\" value=\"\" \/><input type=\"hidden\" name=\"wc_order_attribution_session_start_time\" value=\"\" \/><input type=\"hidden\" name=\"wc_order_attribution_session_pages\" value=\"\" \/><input type=\"hidden\" name=\"wc_order_attribution_session_count\" value=\"\" \/><input type=\"hidden\" name=\"wc_order_attribution_user_agent\" value=\"\" \/><div class=\"g-recaptcha\" style=\"transform: scale(0.9); -webkit-transform: scale(0.9); transform-origin: 0 0; -webkit-transform-origin: 0 0;\" data-sitekey=\"6Lf7yyEeAAAAAFJvsvmK5EJz5yaWhlquuAJ9e26e\"><\/div><script>\r\n                jQuery(\"form.woocommerce-checkout\").on(\"submit\", function(){\r\n                    setTimeout(function(){\r\n                        grecaptcha.reset();\r\n                    },100);\r\n                });\r\n                <\/script><script src='https:\/\/www.google.com\/recaptcha\/api.js?ver=1.25' id='wpcaptcha-recaptcha-js'><\/script><div class=\"woocommerce-privacy-policy-text\"><p>J\u016bs\u0173 asmeniniai duomenys bus naudojami patogesniam nar\u0161ymui \u0161iame tinklalapyje, paskyros valdymui bei kitoms reikm\u0117ms, kurios apra\u0161ytos m\u016bs\u0173 <a href=\"https:\/\/berrybe.lt\/privatumo-politika\/\" class=\"woocommerce-privacy-policy-link\" target=\"_blank\">privacy policy<\/a>.<\/p>\n<\/div>\n\t\t\t<p class=\"woocommerce-form-row form-row\">\n\t\t\t\t<input type=\"hidden\" id=\"woocommerce-register-nonce\" name=\"woocommerce-register-nonce\" value=\"fc70c91c3c\" \/><input type=\"hidden\" name=\"_wp_http_referer\" value=\"\/en\/wp-json\/wp\/v2\/pages\/3134\" \/>\t\t\t\t<button type=\"submit\" class=\"woocommerce-Button woocommerce-button button woocommerce-form-register__submit\" name=\"register\" value=\"Register\">Register<\/button>\n\t\t\t<\/p>\n\n\t\t\t\n\t\t<\/form>\n\n\t<\/div>\n\n<\/div>\n\n<\/div>[\/vc_column][\/vc_row]<\/p>\n","protected":false},"excerpt":{"rendered":"<p>[vc_row][vc_column][\/vc_column][\/vc_row]<\/p>\n","protected":false},"author":1,"featured_media":0,"parent":3128,"menu_order":0,"comment_status":"closed","ping_status":"closed","template":"","meta":{"footnotes":""},"yoast_head":"<!-- This site is optimized with the Yoast SEO plugin v22.1 - https:\/\/yoast.com\/wordpress\/plugins\/seo\/ -->\n<title>Account &#8211; Berrybe<\/title>\n<meta name=\"robots\" content=\"index, follow, max-snippet:-1, max-image-preview:large, max-video-preview:-1\" \/>\n<link rel=\"canonical\" href=\"https:\/\/berrybe.lt\/en\/shop\/account\/\" \/>\n<meta property=\"og:locale\" content=\"en_US\" \/>\n<meta property=\"og:type\" content=\"article\" \/>\n<meta property=\"og:title\" content=\"Account &#8211; Berrybe\" \/>\n<meta property=\"og:description\" content=\"[vc_row][vc_column][\/vc_column][\/vc_row]\" \/>\n<meta property=\"og:url\" content=\"https:\/\/berrybe.lt\/en\/shop\/account\/\" \/>\n<meta property=\"og:site_name\" content=\"Berrybe\" \/>\n<meta property=\"article:modified_time\" content=\"2021-10-05T21:12:04+00:00\" \/>\n<meta name=\"twitter:card\" content=\"summary_large_image\" \/>\n<script type=\"application\/ld+json\" class=\"yoast-schema-graph\">{\"@context\":\"https:\/\/schema.org\",\"@graph\":[{\"@type\":\"WebPage\",\"@id\":\"https:\/\/berrybe.lt\/en\/shop\/account\/\",\"url\":\"https:\/\/berrybe.lt\/en\/shop\/account\/\",\"name\":\"Account &#8211; Berrybe\",\"isPartOf\":{\"@id\":\"https:\/\/berrybe.lt\/#website\"},\"datePublished\":\"2021-10-05T20:41:46+00:00\",\"dateModified\":\"2021-10-05T21:12:04+00:00\",\"breadcrumb\":{\"@id\":\"https:\/\/berrybe.lt\/en\/shop\/account\/#breadcrumb\"},\"inLanguage\":\"en-US\",\"potentialAction\":[{\"@type\":\"ReadAction\",\"target\":[\"https:\/\/berrybe.lt\/en\/shop\/account\/\"]}]},{\"@type\":\"BreadcrumbList\",\"@id\":\"https:\/\/berrybe.lt\/en\/shop\/account\/#breadcrumb\",\"itemListElement\":[{\"@type\":\"ListItem\",\"position\":1,\"name\":\"Home\",\"item\":\"https:\/\/berrybe.lt\/en\/\"},{\"@type\":\"ListItem\",\"position\":2,\"name\":\"Shop\",\"item\":\"https:\/\/berrybe.lt\/en\/shop\/\"},{\"@type\":\"ListItem\",\"position\":3,\"name\":\"Account\"}]},{\"@type\":\"WebSite\",\"@id\":\"https:\/\/berrybe.lt\/#website\",\"url\":\"https:\/\/berrybe.lt\/\",\"name\":\"Berrybe\",\"description\":\"Be Rib\u0173 Su Berrybe\",\"publisher\":{\"@id\":\"https:\/\/berrybe.lt\/#organization\"},\"potentialAction\":[{\"@type\":\"SearchAction\",\"target\":{\"@type\":\"EntryPoint\",\"urlTemplate\":\"https:\/\/berrybe.lt\/?s={search_term_string}\"},\"query-input\":\"required name=search_term_string\"}],\"inLanguage\":\"en-US\"},{\"@type\":\"Organization\",\"@id\":\"https:\/\/berrybe.lt\/#organization\",\"name\":\"Berrybe\",\"url\":\"https:\/\/berrybe.lt\/\",\"logo\":{\"@type\":\"ImageObject\",\"inLanguage\":\"en-US\",\"@id\":\"https:\/\/berrybe.lt\/#\/schema\/logo\/image\/\",\"url\":\"https:\/\/berrybe.lt\/wp-content\/uploads\/2021\/07\/berrybe-logo-footer.png\",\"contentUrl\":\"https:\/\/berrybe.lt\/wp-content\/uploads\/2021\/07\/berrybe-logo-footer.png\",\"width\":147,\"height\":60,\"caption\":\"Berrybe\"},\"image\":{\"@id\":\"https:\/\/berrybe.lt\/#\/schema\/logo\/image\/\"},\"sameAs\":[\"https:\/\/www.instagram.com\/byberrybe\/\"]}]}<\/script>\n<!-- \/ Yoast SEO plugin. -->","yoast_head_json":{"title":"Account &#8211; Berrybe","robots":{"index":"index","follow":"follow","max-snippet":"max-snippet:-1","max-image-preview":"max-image-preview:large","max-video-preview":"max-video-preview:-1"},"canonical":"https:\/\/berrybe.lt\/en\/shop\/account\/","og_locale":"en_US","og_type":"article","og_title":"Account &#8211; Berrybe","og_description":"[vc_row][vc_column][\/vc_column][\/vc_row]","og_url":"https:\/\/berrybe.lt\/en\/shop\/account\/","og_site_name":"Berrybe","article_modified_time":"2021-10-05T21:12:04+00:00","twitter_card":"summary_large_image","schema":{"@context":"https:\/\/schema.org","@graph":[{"@type":"WebPage","@id":"https:\/\/berrybe.lt\/en\/shop\/account\/","url":"https:\/\/berrybe.lt\/en\/shop\/account\/","name":"Account &#8211; Berrybe","isPartOf":{"@id":"https:\/\/berrybe.lt\/#website"},"datePublished":"2021-10-05T20:41:46+00:00","dateModified":"2021-10-05T21:12:04+00:00","breadcrumb":{"@id":"https:\/\/berrybe.lt\/en\/shop\/account\/#breadcrumb"},"inLanguage":"en-US","potentialAction":[{"@type":"ReadAction","target":["https:\/\/berrybe.lt\/en\/shop\/account\/"]}]},{"@type":"BreadcrumbList","@id":"https:\/\/berrybe.lt\/en\/shop\/account\/#breadcrumb","itemListElement":[{"@type":"ListItem","position":1,"name":"Home","item":"https:\/\/berrybe.lt\/en\/"},{"@type":"ListItem","position":2,"name":"Shop","item":"https:\/\/berrybe.lt\/en\/shop\/"},{"@type":"ListItem","position":3,"name":"Account"}]},{"@type":"WebSite","@id":"https:\/\/berrybe.lt\/#website","url":"https:\/\/berrybe.lt\/","name":"Berrybe","description":"Be Rib\u0173 Su Berrybe","publisher":{"@id":"https:\/\/berrybe.lt\/#organization"},"potentialAction":[{"@type":"SearchAction","target":{"@type":"EntryPoint","urlTemplate":"https:\/\/berrybe.lt\/?s={search_term_string}"},"query-input":"required name=search_term_string"}],"inLanguage":"en-US"},{"@type":"Organization","@id":"https:\/\/berrybe.lt\/#organization","name":"Berrybe","url":"https:\/\/berrybe.lt\/","logo":{"@type":"ImageObject","inLanguage":"en-US","@id":"https:\/\/berrybe.lt\/#\/schema\/logo\/image\/","url":"https:\/\/berrybe.lt\/wp-content\/uploads\/2021\/07\/berrybe-logo-footer.png","contentUrl":"https:\/\/berrybe.lt\/wp-content\/uploads\/2021\/07\/berrybe-logo-footer.png","width":147,"height":60,"caption":"Berrybe"},"image":{"@id":"https:\/\/berrybe.lt\/#\/schema\/logo\/image\/"},"sameAs":["https:\/\/www.instagram.com\/byberrybe\/"]}]}},"_links":{"self":[{"href":"https:\/\/berrybe.lt\/en\/wp-json\/wp\/v2\/pages\/3134"}],"collection":[{"href":"https:\/\/berrybe.lt\/en\/wp-json\/wp\/v2\/pages"}],"about":[{"href":"https:\/\/berrybe.lt\/en\/wp-json\/wp\/v2\/types\/page"}],"author":[{"embeddable":true,"href":"https:\/\/berrybe.lt\/en\/wp-json\/wp\/v2\/users\/1"}],"replies":[{"embeddable":true,"href":"https:\/\/berrybe.lt\/en\/wp-json\/wp\/v2\/comments?post=3134"}],"version-history":[{"count":3,"href":"https:\/\/berrybe.lt\/en\/wp-json\/wp\/v2\/pages\/3134\/revisions"}],"predecessor-version":[{"id":3154,"href":"https:\/\/berrybe.lt\/en\/wp-json\/wp\/v2\/pages\/3134\/revisions\/3154"}],"up":[{"embeddable":true,"href":"https:\/\/berrybe.lt\/en\/wp-json\/wp\/v2\/pages\/3128"}],"wp:attachment":[{"href":"https:\/\/berrybe.lt\/en\/wp-json\/wp\/v2\/media?parent=3134"}],"curies":[{"name":"wp","href":"https:\/\/api.w.org\/{rel}","templated":true}]}}